{"id":117,"date":"2016-10-04T15:01:47","date_gmt":"2016-10-04T13:01:47","guid":{"rendered":"http:\/\/www.ecole-de-marilles.be\/?page_id=117"},"modified":"2024-04-25T09:51:18","modified_gmt":"2024-04-25T07:51:18","slug":"infos-pratiques","status":"publish","type":"page","link":"http:\/\/www.ecole-de-marilles.be\/index.php\/infos-pratiques\/","title":{"rendered":"Infos pratiques"},"content":{"rendered":"<h1 style=\"text-align: center;\"><span style=\"color: #ff00ff;\">Ecole communale de Marilles<\/span><\/h1>\n<p style=\"text-align: center;\"><span style=\"color: #99cc00;\">Directrice: Madame V\u00e9ronique Van Thournout<\/span><\/p>\n<p style=\"text-align: center;\">48, rue de Hannut &#8211;\u00a01350 Marilles<\/p>\n<p style=\"text-align: center;\">019\/63.51.24 &#8211;\u00a00478\/98.52.11<\/p>\n<p style=\"text-align: center;\"><span style=\"color: #ff00ff;\">info@ecole-de-marilles.be<\/span><\/p>\n<h5 style=\"text-align: center;\">Vastes locaux repeints r\u00e9cemment : salle de sieste, biblioth\u00e8que, salle de jeux int\u00e9rieur, salle de gym&#8230;<\/h5>\n<h5 style=\"text-align: center;\">Notre am\u00e9nagement ext\u00e9rieur est tout aussi ludique. Cour aux murs d\u00e9cor\u00e9s par les enfants, banc en mosa\u00efque \u00e0 la fa\u00e7on de Gaudi r\u00e9alis\u00e9 \u00e9galement par les enfants sous la conduite de Katia, plaine de jeux, potager entretenu par les enfants, poulailler&#8230;<\/h5>\n<h2 style=\"text-align: center;\"><span style=\"color: #ff00ff;\">Horaires: <\/span><\/h2>\n<p style=\"text-align: center;\">D\u00e9but des cours : 8h45<br \/>Temps de midi : de 12h20 \u00e0 13h20<br \/>Fin des cours : 15h15<\/p>\n<h2 style=\"text-align: center;\"><span style=\"color: #ff00ff;\">Accueil temps libre (\u00ab\u00a0garderie\u00a0\u00bb):<\/span><\/h2>\n<ul>\n<li style=\"text-align: left;\">de <strong>6h45 \u00e0 8h45<br \/><\/strong>encadrement assur\u00e9 par une \u00e9ducatrice ATL: Vicky Martinez avec l&rsquo;aide de Marie-France Laroche<\/li>\n<li style=\"text-align: left;\">de <strong>12h00 \u00e0 13h20<br \/><\/strong>encadrement assur\u00e9 par Mmes Anne, France, Isabelle et Marie-France<\/li>\n<li style=\"text-align: left;\">de <strong style=\"font-size: revert; text-align: center; color: initial;\">15h15 \u00e0 16h30<br \/><\/strong><span style=\"font-size: revert; text-align: center; color: initial;\">encadrement assur\u00e9 par Mme Vicky, France et Isabelle<\/span><\/li>\n<li style=\"text-align: left;\"><span style=\"font-size: revert; text-align: center; color: initial;\">de <\/span><strong style=\"font-size: revert; text-align: center; color: initial;\">16h30 \u00e0 18h30<br \/><\/strong>encadrement assur\u00e9 par Mme Vicky qui propose aux enfants diff\u00e9rentes activit\u00e9s cognitives et ludiques.<\/li>\n<\/ul>\n<p style=\"text-align: center;\"><img loading=\"lazy\" class=\"alignnone  wp-image-2163\" src=\"http:\/\/www.ecole-de-marilles.be\/wp-content\/uploads\/2024\/04\/ATL-Marilles-23-24-300x89.png\" alt=\"\" width=\"442\" height=\"131\" srcset=\"http:\/\/www.ecole-de-marilles.be\/wp-content\/uploads\/2024\/04\/ATL-Marilles-23-24-300x89.png 300w, http:\/\/www.ecole-de-marilles.be\/wp-content\/uploads\/2024\/04\/ATL-Marilles-23-24-768x228.png 768w, http:\/\/www.ecole-de-marilles.be\/wp-content\/uploads\/2024\/04\/ATL-Marilles-23-24.png 802w\" sizes=\"(max-width: 442px) 100vw, 442px\" \/><\/p>\n<h2 style=\"text-align: center;\"><span style=\"color: #ff00ff;\">Repas chauds:<\/span><\/h2>\n<p style=\"text-align: center;\">Possibilit\u00e9 de<strong> repas chaud<\/strong> \u00e0 midi \u00e0 <strong>prix d\u00e9mocratique.<\/strong><\/p>\n<p style=\"text-align: center;\">3,50\u20ac pour les enfants de l&rsquo;\u00e9cole maternelle et 4,50\u20ac pour les enfants de l&rsquo;\u00e9cole primaire.<\/p>\n<p>Ce service est g\u00e9r\u00e9 par l&rsquo;Administration communale d&rsquo;Orp-Jauche via l&rsquo;application Apschool. Pour toute aide au sujet des repas chauds, merci de contacter Mme Detraux &#8211; 019\/63.02.29<\/p>\n<p><blockquote class=\"wp-embedded-content\" data-secret=\"7k3y8JplSw\"><a href=\"https:\/\/www.orp-jauche.be\/apschool-plateforme-reservation-repas-scolaires-activites-scolaires-extrascolaires\/\">APSCHOOL, la plateforme de r\u00e9servation des repas scolaires, des activit\u00e9s scolaires et extrascolaires<\/a><\/blockquote><iframe class=\"wp-embedded-content\" sandbox=\"allow-scripts\" security=\"restricted\" style=\"position: absolute; clip: rect(1px, 1px, 1px, 1px);\" title=\"\u00ab\u00a0APSCHOOL, la plateforme de r\u00e9servation des repas scolaires, des activit\u00e9s scolaires et extrascolaires\u00a0\u00bb &#8212; Commune de Orp-Jauche\" src=\"https:\/\/www.orp-jauche.be\/apschool-plateforme-reservation-repas-scolaires-activites-scolaires-extrascolaires\/embed\/#?secret=SG0n1Tlpev#?secret=7k3y8JplSw\" data-secret=\"7k3y8JplSw\" width=\"600\" height=\"338\" frameborder=\"0\" marginwidth=\"0\" marginheight=\"0\" scrolling=\"no\"><\/iframe><\/p>\n<h2 style=\"text-align: center;\"><span style=\"color: #ff00ff;\">Classe de devoirs:<\/span><\/h2>\n<p style=\"text-align: center;\">Les lundi, mardi, jeudi et vendredi de 15h30 \u00e0 16h30 <strong>supervis\u00e9e par un(e) enseignant(e).<\/strong><\/p>\n<h2 style=\"text-align: center;\"><span style=\"color: #ff00ff;\"><br \/>Extra-scolaire:<\/span><\/h2>\n<ul>\n<li><span style=\"text-decoration: underline;\"><strong>Le lundi :<\/strong><\/span> cours de danse pour les enfants de 4 \u00e0 12 ans avec Mme Fanny Couvreur<span style=\"text-decoration: underline;\"><strong><br \/><\/strong><\/span><strong style=\"font-size: revert; color: initial;\"><br \/><\/strong><\/li>\n<li><span style=\"text-decoration: underline;\"><strong>Le jeudi:<\/strong><\/span> cours de th\u00e9\u00e2tre pour les enfants de 4 \u00e0 12 ans avec l&rsquo;ASBL Par Coeur<\/li>\n<\/ul>\n<div class=\"gmail_default\">\u00a0<\/div>\n<div class=\"gmail_default\">Cours d&rsquo;anglais possible si au moins 10 participants avec inter-lingua<\/div>\n<div>\u00a0<\/div>\n<h2 style=\"text-align: center;\"><span style=\"color: #ff00ff;\">Transport scolaire:<\/span><\/h2>\n<p style=\"text-align: center;\">Il est \u00e9galement possible de b\u00e9n\u00e9ficier d&rsquo;un transport scolaire <strong>gratuit,<br \/>s\u00e9curis\u00e9 et encadr\u00e9<\/strong> par un enseignant pour les enfants habitants Enines et Marilles.<\/p>\n<p style=\"text-align: center;\">Ceci, uniquement si vous ne poss\u00e9dez pas de v\u00e9hicule.<\/p>\n<h1 style=\"text-align: center;\">\u00a0<\/h1>\n<p>\u00a0<\/p>\n<p style=\"text-align: center;\">\u00a0<\/p>\n\n\n<p><\/p>\n","protected":false},"excerpt":{"rendered":"<p>Ecole communale de Marilles Directrice: Madame V\u00e9ronique Van Thournout 48, rue de Hannut &#8211;\u00a01350 Marilles 019\/63.51.24 &#8211;\u00a00478\/98.52.11 info@ecole-de-marilles.be Vastes locaux repeints r\u00e9cemment : salle de sieste, biblioth\u00e8que, salle de jeux int\u00e9rieur, salle de gym&#8230; Notre am\u00e9nagement ext\u00e9rieur est tout aussi ludique. Cour aux murs d\u00e9cor\u00e9s par les enfants, banc en mosa\u00efque \u00e0 la fa\u00e7on de [&hellip;]<\/p>\n","protected":false},"author":2,"featured_media":0,"parent":0,"menu_order":0,"comment_status":"closed","ping_status":"closed","template":"","meta":[],"_links":{"self":[{"href":"http:\/\/www.ecole-de-marilles.be\/index.php\/wp-json\/wp\/v2\/pages\/117"}],"collection":[{"href":"http:\/\/www.ecole-de-marilles.be\/index.php\/wp-json\/wp\/v2\/pages"}],"about":[{"href":"http:\/\/www.ecole-de-marilles.be\/index.php\/wp-json\/wp\/v2\/types\/page"}],"author":[{"embeddable":true,"href":"http:\/\/www.ecole-de-marilles.be\/index.php\/wp-json\/wp\/v2\/users\/2"}],"replies":[{"embeddable":true,"href":"http:\/\/www.ecole-de-marilles.be\/index.php\/wp-json\/wp\/v2\/comments?post=117"}],"version-history":[{"count":41,"href":"http:\/\/www.ecole-de-marilles.be\/index.php\/wp-json\/wp\/v2\/pages\/117\/revisions"}],"predecessor-version":[{"id":2171,"href":"http:\/\/www.ecole-de-marilles.be\/index.php\/wp-json\/wp\/v2\/pages\/117\/revisions\/2171"}],"wp:attachment":[{"href":"http:\/\/www.ecole-de-marilles.be\/index.php\/wp-json\/wp\/v2\/media?parent=117"}],"curies":[{"name":"wp","href":"https:\/\/api.w.org\/{rel}","templated":true}]}}